{"id":542,"date":"2022-09-15T11:20:16","date_gmt":"2022-09-15T08:20:16","guid":{"rendered":"https:\/\/www.accessimplegreece.eu\/?page_id=542"},"modified":"2025-04-08T14:31:55","modified_gmt":"2025-04-08T11:31:55","slug":"condizioni-duso-informativa-sulla-privacy","status":"publish","type":"page","link":"https:\/\/www.accessimplegreece.eu\/it\/condizioni-duso-informativa-sulla-privacy\/","title":{"rendered":"Condizioni d&#8217;uso \/ Informativa sulla privacy"},"content":{"rendered":"<p><strong>1. <span style=\"text-decoration: underline;\">Condizioni d&#8217;uso del sito web e politica sui cookie<\/span><\/strong><br \/>\n<strong>2. <\/strong><span style=\"text-decoration: underline;\"><strong>Introduzione<\/strong><\/span><br \/>\nQuesto sito web \u00e8 stato creato dall&#8217;impresa sociale denominata &#8220;DOT2DOT KOINONIKH SYNETAIRISTIKI EPIXEIRISI SYLLOGIKIS KAI KOINONIKIS OFELEIAS\u201d e titolo distintivo \u201cdot2dot KOIN.S.EP.\u201d, che ha sede a Salonicco, con partita IVA 997512471 &#8211; Ufficio delle Imposte di Salonicco ed \u00e8 legalmente rappresentata dalla signora Vasiliki Kartsiakli, che ne \u00e8 anche l&#8217;amministratore (di seguito \u201cla Societ\u00e0\u201d).<\/p>\n<p>L&#8217;uso del sito web <a href=\"https:\/\/www.accessimplegreece.eu\/it\/\" target=\"_blank\" rel=\"noopener\">www.accessimplegreece.eu<\/a> \u00e8 disciplinato dalle presenti condizioni generali, che il visitatore\/utente \u00e8 invitato a leggere attentamente, poich\u00e9 l&#8217;utilizzo del sito web implica la sua accettazione incondizionata. Nel caso in cui il visitatore\/utente non sia d&#8217;accordo con le condizioni d&#8217;uso qui riportate, non deve utilizzare i servizi e i contenuti del sito web.<\/p>\n<p>Le presenti condizioni d&#8217;uso possono essere riviste e aggiornate in qualsiasi momento e senza preavviso. Il visitatore\/utente \u00e8 invitato a controllare periodicamente le condizioni d&#8217;uso del sito web, in quanto l&#8217;uso continuato implica l&#8217;accettazione delle modifiche apportate di volta in volta.<\/p>\n<p>La Societ\u00e0 si riserva il diritto di modificare o anche interrompere temporaneamente qualsiasi campo\/caratteristica\/servizio e\/o tutti questi.<\/p>\n<p>La Societ\u00e0 pu\u00f2 raccogliere e trattare i dati personali dei visitatori\/utenti del sito web, al cui trattamento hanno acconsentito contestualmente all&#8217;utilizzo del sito web della Societ\u00e0 (in particolare l&#8217;indirizzo IP, il luogo e l&#8217;ora della connessione, il profilo Facebook in caso di connessione per la pubblicazione di un commento) e in conformit\u00e0 con l&#8217;Informativa sulla privacy e sulla protezione dei dati personali.<\/p>\n<p>L&#8217;Azienda rispetta la normativa nazionale ed europea in materia di Protezione dei Dati Personali. Le informazioni raccolte nel caso in cui il visitatore\/utente le fornisca utilizzando un servizio, non vengono comunicate a terzi e non vengono sfruttate o ulteriormente diffuse in alcun modo, se non nei limiti previsti dalla legge e\/o nella misura necessaria per il pieno ed efficiente espletamento del servizio, come descritto pi\u00f9 dettagliatamente nell&#8217;Informativa sulla privacy e sulla protezione dei dati personali.<\/p>\n<p><strong>2. <span style=\"text-decoration: underline;\">Registrazione<\/span><\/strong><\/p>\n<p>Non \u00e8 richiesta alcuna registrazione per navigare nel sito.<\/p>\n<p><strong>3. <span style=\"text-decoration: underline;\">Marchi e diritti di propriet\u00e0 intellettuale\/industriale<\/span><\/strong><\/p>\n<p>L&#8217;uso, la copia e la commercializzazione dei marchi e dei loghi presenti sul sito web sono vietati in qualsiasi modo.<\/p>\n<p>Il software, il codice sorgente, il database e il design, nonch\u00e9 tutti i contenuti di questo sito web, che includono indicativamente testi, grafici, immagini, fotografie, disegni, video, suoni, ecc. (di seguito \u201cil Contenuto\u201d) sono propriet\u00e0 intellettuale della Societ\u00e0 e sono protetti come tali dalle leggi nazionali, comunitarie e internazionali applicabili.<\/p>\n<p>Il Contenuto \u00e8 a disposizione del visitatore\/utente per uso personale ed \u00e8 soggetto a modifiche senza preavviso a discrezione della Societ\u00e0. Qualsiasi altro utilizzo da parte del visitatore\/utente richiede il previo consenso scritto della Societ\u00e0.<\/p>\n<p>\u00c8 severamente vietato a qualsiasi visitatore\/utente del sito web commerciare, copiare, riprodurre, ritrasmettere in qualsiasi modo il Contenuto del sito web in violazione di questi termini.<\/p>\n<p>Eccezionalmente, esclusivamente per uso personale [a condizione di riconoscere la fonte e il creatore e di non alterare in alcun modo il Contenuto, e\/o per motivi di promozione dell&#8217;opera intellettuale della Societ\u00e0] il visitatore\/utente pu\u00f2 creare copie (fisiche e\/o elettroniche), nonch\u00e9 riprodurre e\/o ritrasmettere\/condividere (condividere) le pubblicazioni su questo sito web sui social media (Facebook, twitter, LinkedIn, Instagram, Google ecc.).<\/p>\n<p>Per qualsiasi domanda o dubbio sui diritti di riproduzione di qualsiasi parte del contenuto di questo sito web, nonch\u00e9 per le richieste di autorizzazione alla riproduzione dei contenuti, il visitatore\/utente pu\u00f2 contattarci all&#8217;indirizzo e-mail <a href=\"mailto:christina@dot2dot.gr\">christina@dot2dot.gr<\/a>.<\/p>\n<p><strong>4. <span style=\"text-decoration: underline;\">Siti web di riferimento &#8211; collegamenti ipertestuali &#8211; terze parti<\/span><\/strong><\/p>\n<p>Il sito web pu\u00f2, tra l&#8217;altro, fornire collegamenti ipertestuali a siti web di terzi, i quali hanno il pieno controllo dei contenuti che vi pubblicano e quindi la piena responsabilit\u00e0 della sicurezza dei loro siti web, della legalit\u00e0 e della validit\u00e0 dei loro contenuti e servizi.<\/p>\n<p>I prodotti, i servizi, i marchi e i contenuti di terzi che possono comparire sulle pagine del sito web sono propriet\u00e0 intellettuale e industriale dei terzi, che sono responsabili del soddisfacimento di qualsiasi reclamo derivante da eventuali violazioni di diritti, come i diritti di propriet\u00e0 intellettuale e industriale, ecc, escludendo espressamente qualsiasi responsabilit\u00e0 della Societ\u00e0 per il contenuto o la sicurezza di questi siti web.<\/p>\n<p>La Societ\u00e0 non esercita tecnicamente alcun controllo prima di fare riferimento a un collegamento ipertestuale e per questo motivo non si assume alcuna responsabilit\u00e0 per il suo contenuto, la sua funzionalit\u00e0, la qualit\u00e0 e la completezza dei servizi. Lo stesso vale per i banner pubblicitari.<\/p>\n<p><strong>5. <span style=\"text-decoration: underline;\">Pubblicit\u00e0 e consenso &#8211; autorizzazione speciale a scopo pubblicitario<\/span><\/strong><\/p>\n<p>Sul sito web \u00e8 presente un flusso di annunci e di visualizzazione di contenuti a scopo pubblicitario. La Societ\u00e0 non si assume alcuna responsabilit\u00e0 per il contenuto degli annunci (accuratezza, qualit\u00e0, legalit\u00e0) n\u00e9 per il soddisfacimento di eventuali reclami derivanti da violazioni dei diritti di terzi o degli obblighi legali degli inserzionisti stessi, per i quali gli inserzionisti stessi rimangono sempre responsabili.<\/p>\n<p>La Societ\u00e0 non \u00e8 collegata in alcun modo e non si assume alcuna responsabilit\u00e0 per eventuali danni che potrebbero derivare da una possibile interazione (conversazione, contatto, transazione commerciale) tra il visitatore\/utente e terzi pubblicizzati sul suo sito web.<\/p>\n<p><strong>6. <span style=\"text-decoration: underline;\">Limitazione di responsabilit\u00e0 &#8211; Disclaimer<\/span><\/strong><\/p>\n<p>I servizi, le opzioni e i Contenuti del sito web sono forniti \u201ccos\u00ec come sono\u201d senza alcuna garanzia o assicurazione da parte della Societ\u00e0.<\/p>\n<p>La Societ\u00e0 non si impegna a garantire che i servizi e i Contenuti di cui sopra saranno forniti senza interruzioni, senza errori, che gli errori saranno corretti immediatamente o che tutte le domande poste ad essa saranno risposte.<\/p>\n<p>Allo stesso modo, la Societ\u00e0 non garantisce che il sito web o qualsiasi altro sito web correlato o i server attraverso i quali il contenuto viene messo a disposizione del visitatore\/utente siano privi di virus o altri componenti dannosi. Il costo di eventuali correzioni o servizi \u00e8 a carico del visitatore\/utente e in nessun caso della Societ\u00e0.<\/p>\n<p>Infine, la Societ\u00e0, in qualsiasi circostanza, compreso il caso di negligenza, non \u00e8 responsabile per qualsiasi forma di danno subito dal visitatore\/utente del sito web, dei servizi, delle opzioni e dei contenuti del sito web, il cui uso procede di propria iniziativa e con la consapevolezza di questi termini.<\/p>\n<p><strong>7. <span style=\"text-decoration: underline;\">Responsabilit\u00e0 del visitatore\/utente<\/span><\/strong><\/p>\n<p>Il visitatore\/utente del sito web si assume la responsabilit\u00e0 di eventuali danni causati al sito web da un uso scorretto o sleale dei relativi servizi. Per qualsiasi danno o danno morale causato attraverso i nostri servizi, dall&#8217;invio, dalla pubblicazione o dalla condivisione di qualsiasi contenuto da parte di un visitatore\/utente, il visitatore\/utente \u00e8 l&#8217;unico responsabile del suo ripristino.<\/p>\n<p><strong>1. <span style=\"text-decoration: underline;\">I cookie<\/span><\/strong><\/p>\n<p>La Societ\u00e0 utilizza i cookie per fornire ai visitatori\/utenti del sito web la migliore esperienza di navigazione possibile. I cookie sono piccoli file di testo contenenti informazioni che vengono memorizzati nel browser web del computer del visitatore\/utente e possono essere rimossi in qualsiasi momento. I cookie non influiscono sul computer o sul dispositivo mobile e non causano alcun danno o onere funzionale allo stesso.<\/p>\n<p>I cookie vengono utilizzati per riconoscere l&#8217;utente quando torna sul nostro sito web, ma anche per aiutare il nostro team a capire quali pagine del sito web trova interessanti e utili.<\/p>\n<p>I cookie che utilizziamo si dividono in: (a) cookie strettamente necessari, (b) cookie di terze parti e (c) cookie di performance.<\/p>\n<p><strong>(a)<\/strong> <span style=\"text-decoration: underline;\">I cookie strettamente necessari<\/span> sono essenziali per il corretto funzionamento del nostro sito web. Consentono la navigazione e l&#8217;utilizzo di funzioni quali l&#8217;accesso ad aree protette. Questi cookie non memorizzano la vostra identit\u00e0 individuale. Devono essere sempre abilitati affinch\u00e9 le preferenze vengano salvate. Se disabilitate questi cookie, non saremo in grado di salvare le vostre preferenze. Ci\u00f2 significa che ogni volta che si accede al nostro sito web, sar\u00e0 necessario attivare o disattivare i cookie specifici.<\/p>\n<p><strong>(b)<\/strong> Utilizziamo <span style=\"text-decoration: underline;\">cookie di terze parti (cookie inseriti da altri fornitori)<\/span> per consentire la visione di video su YouTube e l&#8217;utilizzo dei social media (ad es. Facebook, Twitter, LinkedIn, Instagram, Google ecc.). Mantenendo abilitati questi cookie, l&#8217;utilizzo del nostro sito web diventa pi\u00f9 facile e piacevole e l&#8217;utente ha la possibilit\u00e0 di condividere i contenuti che ha trovato interessanti sui social media.<\/p>\n<p><strong>(c)<\/strong> <span style=\"text-decoration: underline;\">I cookie di prestazione<\/span> raccolgono informazioni anonime aggregate al solo scopo di migliorare le prestazioni del sito web della Societ\u00e0, ad esempio quali parti del sito web vengono visitate pi\u00f9 spesso, se si ricevono messaggi di errore, quante persone hanno visitato il nostro sito web e cos\u00ec via, senza identificare l&#8217;utente\/visitatore del sito web.<\/p>\n<p>\u00c8 importante precisare che l&#8217;eventuale scelta di disabilitare la ricezione di alcuni cookie potrebbe comportare la difficolt\u00e0 e\/o l&#8217;impossibilit\u00e0 di accedere ad alcuni siti web o di utilizzare alcune funzionalit\u00e0 del nostro sito.<\/p>\n","protected":false},"excerpt":{"rendered":"<p>1. Condizioni d&#8217;uso del sito web e politica sui cookie 2. Introduzione Questo sito web \u00e8 stato creato dall&#8217;impresa sociale denominata &#8220;DOT2DOT KOINONIKH SYNETAIRISTIKI EPIXEIRISI SYLLOGIKIS KAI KOINONIKIS OFELEIAS\u201d e titolo distintivo \u201cdot2dot KOIN.S.EP.\u201d, che ha sede a Salonicco, con partita IVA 997512471 &#8211; Ufficio delle Imposte di Salonicco ed \u00e8 legalmente rappresentata dalla signora [&hellip;]<\/p>\n","protected":false},"author":3,"featured_media":0,"parent":0,"menu_order":0,"comment_status":"closed","ping_status":"closed","template":"","meta":{"_acf_changed":false,"inline_featured_image":false,"footnotes":""},"class_list":["post-542","page","type-page","status-publish","hentry"],"acf":[],"yoast_head":"<!-- This site is optimized with the Yoast SEO plugin v24.6 - https:\/\/yoast.com\/wordpress\/plugins\/seo\/ -->\n<title>Condizioni d&#039;uso \/ Informativa sulla privacy - Access Simple Greece<\/title>\n<meta name=\"robots\" content=\"index, follow, max-snippet:-1, max-image-preview:large, max-video-preview:-1\" \/>\n<link rel=\"canonical\" href=\"https:\/\/www.accessimplegreece.eu\/it\/condizioni-duso-informativa-sulla-privacy\/\" \/>\n<meta property=\"og:locale\" content=\"it_IT\" \/>\n<meta property=\"og:type\" content=\"article\" \/>\n<meta property=\"og:title\" content=\"Condizioni d&#039;uso \/ Informativa sulla privacy - Access Simple Greece\" \/>\n<meta property=\"og:description\" content=\"1. Condizioni d&#8217;uso del sito web e politica sui cookie 2. Introduzione Questo sito web \u00e8 stato creato dall&#8217;impresa sociale denominata &#8220;DOT2DOT KOINONIKH SYNETAIRISTIKI EPIXEIRISI SYLLOGIKIS KAI KOINONIKIS OFELEIAS\u201d e titolo distintivo \u201cdot2dot KOIN.S.EP.\u201d, che ha sede a Salonicco, con partita IVA 997512471 &#8211; Ufficio delle Imposte di Salonicco ed \u00e8 legalmente rappresentata dalla signora [&hellip;]\" \/>\n<meta property=\"og:url\" content=\"https:\/\/www.accessimplegreece.eu\/it\/condizioni-duso-informativa-sulla-privacy\/\" \/>\n<meta property=\"og:site_name\" content=\"Access Simple Greece\" \/>\n<meta property=\"article:modified_time\" content=\"2025-04-08T11:31:55+00:00\" \/>\n<meta name=\"twitter:card\" content=\"summary_large_image\" \/>\n<meta name=\"twitter:label1\" content=\"Tempo di lettura stimato\" \/>\n\t<meta name=\"twitter:data1\" content=\"7 minuti\" \/>\n<script type=\"application\/ld+json\" class=\"yoast-schema-graph\">{\"@context\":\"https:\/\/schema.org\",\"@graph\":[{\"@type\":\"WebPage\",\"@id\":\"https:\/\/www.accessimplegreece.eu\/it\/condizioni-duso-informativa-sulla-privacy\/\",\"url\":\"https:\/\/www.accessimplegreece.eu\/it\/condizioni-duso-informativa-sulla-privacy\/\",\"name\":\"Condizioni d'uso \/ Informativa sulla privacy - Access Simple Greece\",\"isPartOf\":{\"@id\":\"https:\/\/www.accessimplegreece.eu\/it\/#website\"},\"datePublished\":\"2022-09-15T08:20:16+00:00\",\"dateModified\":\"2025-04-08T11:31:55+00:00\",\"breadcrumb\":{\"@id\":\"https:\/\/www.accessimplegreece.eu\/it\/condizioni-duso-informativa-sulla-privacy\/#breadcrumb\"},\"inLanguage\":\"it-IT\",\"potentialAction\":[{\"@type\":\"ReadAction\",\"target\":[\"https:\/\/www.accessimplegreece.eu\/it\/condizioni-duso-informativa-sulla-privacy\/\"]}]},{\"@type\":\"BreadcrumbList\",\"@id\":\"https:\/\/www.accessimplegreece.eu\/it\/condizioni-duso-informativa-sulla-privacy\/#breadcrumb\",\"itemListElement\":[{\"@type\":\"ListItem\",\"position\":1,\"name\":\"\u0391\u03c1\u03c7\u03b9\u03ba\u03ae\",\"item\":\"https:\/\/www.accessimplegreece.eu\/it\/\"},{\"@type\":\"ListItem\",\"position\":2,\"name\":\"Condizioni d&#8217;uso \/ Informativa sulla privacy\"}]},{\"@type\":\"WebSite\",\"@id\":\"https:\/\/www.accessimplegreece.eu\/it\/#website\",\"url\":\"https:\/\/www.accessimplegreece.eu\/it\/\",\"name\":\"Access Simple Greece\",\"description\":\"\",\"potentialAction\":[{\"@type\":\"SearchAction\",\"target\":{\"@type\":\"EntryPoint\",\"urlTemplate\":\"https:\/\/www.accessimplegreece.eu\/it\/?s={search_term_string}\"},\"query-input\":{\"@type\":\"PropertyValueSpecification\",\"valueRequired\":true,\"valueName\":\"search_term_string\"}}],\"inLanguage\":\"it-IT\"}]}<\/script>\n<!-- \/ Yoast SEO plugin. -->","yoast_head_json":{"title":"Condizioni d'uso \/ Informativa sulla privacy - Access Simple Greece","robots":{"index":"index","follow":"follow","max-snippet":"max-snippet:-1","max-image-preview":"max-image-preview:large","max-video-preview":"max-video-preview:-1"},"canonical":"https:\/\/www.accessimplegreece.eu\/it\/condizioni-duso-informativa-sulla-privacy\/","og_locale":"it_IT","og_type":"article","og_title":"Condizioni d'uso \/ Informativa sulla privacy - Access Simple Greece","og_description":"1. Condizioni d&#8217;uso del sito web e politica sui cookie 2. Introduzione Questo sito web \u00e8 stato creato dall&#8217;impresa sociale denominata &#8220;DOT2DOT KOINONIKH SYNETAIRISTIKI EPIXEIRISI SYLLOGIKIS KAI KOINONIKIS OFELEIAS\u201d e titolo distintivo \u201cdot2dot KOIN.S.EP.\u201d, che ha sede a Salonicco, con partita IVA 997512471 &#8211; Ufficio delle Imposte di Salonicco ed \u00e8 legalmente rappresentata dalla signora [&hellip;]","og_url":"https:\/\/www.accessimplegreece.eu\/it\/condizioni-duso-informativa-sulla-privacy\/","og_site_name":"Access Simple Greece","article_modified_time":"2025-04-08T11:31:55+00:00","twitter_card":"summary_large_image","twitter_misc":{"Tempo di lettura stimato":"7 minuti"},"schema":{"@context":"https:\/\/schema.org","@graph":[{"@type":"WebPage","@id":"https:\/\/www.accessimplegreece.eu\/it\/condizioni-duso-informativa-sulla-privacy\/","url":"https:\/\/www.accessimplegreece.eu\/it\/condizioni-duso-informativa-sulla-privacy\/","name":"Condizioni d'uso \/ Informativa sulla privacy - Access Simple Greece","isPartOf":{"@id":"https:\/\/www.accessimplegreece.eu\/it\/#website"},"datePublished":"2022-09-15T08:20:16+00:00","dateModified":"2025-04-08T11:31:55+00:00","breadcrumb":{"@id":"https:\/\/www.accessimplegreece.eu\/it\/condizioni-duso-informativa-sulla-privacy\/#breadcrumb"},"inLanguage":"it-IT","potentialAction":[{"@type":"ReadAction","target":["https:\/\/www.accessimplegreece.eu\/it\/condizioni-duso-informativa-sulla-privacy\/"]}]},{"@type":"BreadcrumbList","@id":"https:\/\/www.accessimplegreece.eu\/it\/condizioni-duso-informativa-sulla-privacy\/#breadcrumb","itemListElement":[{"@type":"ListItem","position":1,"name":"\u0391\u03c1\u03c7\u03b9\u03ba\u03ae","item":"https:\/\/www.accessimplegreece.eu\/it\/"},{"@type":"ListItem","position":2,"name":"Condizioni d&#8217;uso \/ Informativa sulla privacy"}]},{"@type":"WebSite","@id":"https:\/\/www.accessimplegreece.eu\/it\/#website","url":"https:\/\/www.accessimplegreece.eu\/it\/","name":"Access Simple Greece","description":"","potentialAction":[{"@type":"SearchAction","target":{"@type":"EntryPoint","urlTemplate":"https:\/\/www.accessimplegreece.eu\/it\/?s={search_term_string}"},"query-input":{"@type":"PropertyValueSpecification","valueRequired":true,"valueName":"search_term_string"}}],"inLanguage":"it-IT"}]}},"_links":{"self":[{"href":"https:\/\/www.accessimplegreece.eu\/it\/wp-json\/wp\/v2\/pages\/542","targetHints":{"allow":["GET"]}}],"collection":[{"href":"https:\/\/www.accessimplegreece.eu\/it\/wp-json\/wp\/v2\/pages"}],"about":[{"href":"https:\/\/www.accessimplegreece.eu\/it\/wp-json\/wp\/v2\/types\/page"}],"author":[{"embeddable":true,"href":"https:\/\/www.accessimplegreece.eu\/it\/wp-json\/wp\/v2\/users\/3"}],"replies":[{"embeddable":true,"href":"https:\/\/www.accessimplegreece.eu\/it\/wp-json\/wp\/v2\/comments?post=542"}],"version-history":[{"count":2,"href":"https:\/\/www.accessimplegreece.eu\/it\/wp-json\/wp\/v2\/pages\/542\/revisions"}],"predecessor-version":[{"id":553,"href":"https:\/\/www.accessimplegreece.eu\/it\/wp-json\/wp\/v2\/pages\/542\/revisions\/553"}],"wp:attachment":[{"href":"https:\/\/www.accessimplegreece.eu\/it\/wp-json\/wp\/v2\/media?parent=542"}],"curies":[{"name":"wp","href":"https:\/\/api.w.org\/{rel}","templated":true}]}}